{"id":240,"date":"2024-06-30T17:29:14","date_gmt":"2024-06-30T17:29:14","guid":{"rendered":"https:\/\/ostsee-waldbaden.com\/?page_id=240"},"modified":"2026-03-31T19:26:19","modified_gmt":"2026-03-31T19:26:19","slug":"termine","status":"publish","type":"page","link":"https:\/\/ostsee-waldbaden.com\/home\/home\/termine\/","title":{"rendered":"Termine"},"content":{"rendered":"\n<div class=\"wp-block-group alignfull is-vertical is-nowrap is-layout-flex wp-container-core-group-is-layout-947ac36b wp-block-group-is-layout-flex\"><style>.kb-row-layout-id240_6728ed-ce > .kt-row-column-wrap{align-content:start;}:where(.kb-row-layout-id240_6728ed-ce > .kt-row-column-wrap) > .wp-block-kadence-column{justify-content:start;}.kb-row-layout-id240_6728ed-ce > .kt-row-column-wrap{column-gap:var(--global-kb-gap-md, 2rem);row-gap:var(--global-kb-gap-md, 2rem);padding-top:var(--global-kb-spacing-xl, 4rem);grid-template-columns:repeat(2, minmax(0, 1fr));}.kb-row-layout-id240_6728ed-ce > .kt-row-layout-overlay{opacity:0.30;}@media all and (max-width: 1024px){.kb-row-layout-id240_6728ed-ce > .kt-row-column-wrap{grid-template-columns:repeat(2, minmax(0, 1fr));}}@media all and (max-width: 767px){.kb-row-layout-id240_6728ed-ce > .kt-row-column-wrap{grid-template-columns:minmax(0, 1fr);}}<\/style><div class=\"kb-row-layout-wrap kb-row-layout-id240_6728ed-ce alignfull has-theme-palette9-background-color kt-row-has-bg wp-block-kadence-rowlayout\"><div class=\"kt-row-column-wrap kt-has-2-columns kt-row-layout-equal kt-tab-layout-inherit kt-mobile-layout-row kt-row-valign-top\">\n<style>.kadence-column240_4374ce-a6 > .kt-inside-inner-col,.kadence-column240_4374ce-a6 > .kt-inside-inner-col:before{border-top-left-radius:0px;border-top-right-radius:0px;border-bottom-right-radius:0px;border-bottom-left-radius:0px;}.kadence-column240_4374ce-a6 > .kt-inside-inner-col{column-gap:var(--global-kb-gap-sm, 1rem);}.kadence-column240_4374ce-a6 > .kt-inside-inner-col{flex-direction:column;}.kadence-column240_4374ce-a6 > .kt-inside-inner-col > .aligncenter{width:100%;}.kadence-column240_4374ce-a6 > .kt-inside-inner-col:before{opacity:0.3;}.kadence-column240_4374ce-a6{position:relative;}@media all and (max-width: 1024px){.kadence-column240_4374ce-a6 > .kt-inside-inner-col{flex-direction:column;justify-content:center;}}@media all and (max-width: 767px){.kadence-column240_4374ce-a6 > .kt-inside-inner-col{flex-direction:column;justify-content:center;}}<\/style>\n<div class=\"wp-block-kadence-column kadence-column240_4374ce-a6\"><div class=\"kt-inside-inner-col\"><style>.wp-block-kadence-advancedheading.kt-adv-heading240_d2a9ab-e1, .wp-block-kadence-advancedheading.kt-adv-heading240_d2a9ab-e1[data-kb-block=\"kb-adv-heading240_d2a9ab-e1\"]{font-size:var(--global-kb-font-size-md, 1.25rem);font-style:normal;font-family:var( --global-body-font-family, inherit );background-color:var(--global-palette7, #EDF2F7);}.wp-block-kadence-advancedheading.kt-adv-heading240_d2a9ab-e1 mark.kt-highlight, .wp-block-kadence-advancedheading.kt-adv-heading240_d2a9ab-e1[data-kb-block=\"kb-adv-heading240_d2a9ab-e1\"] mark.kt-highlight{font-style:normal;color:#f76a0c;-webkit-box-decoration-break:clone;box-decoration-break:clone;padding-top:0px;padding-right:0px;padding-bottom:0px;padding-left:0px;}.wp-block-kadence-advancedheading.kt-adv-heading240_d2a9ab-e1 img.kb-inline-image, .wp-block-kadence-advancedheading.kt-adv-heading240_d2a9ab-e1[data-kb-block=\"kb-adv-heading240_d2a9ab-e1\"] img.kb-inline-image{width:150px;vertical-align:baseline;}<\/style>\n<h2 class=\"kt-adv-heading240_d2a9ab-e1 wp-block-kadence-advancedheading\" data-kb-block=\"kb-adv-heading240_d2a9ab-e1\"><strong>Meine Angebote:<\/strong> 2025 <\/h2>\n\n\n\n<figure class=\"wp-block-image alignwide size-large\"><img loading=\"lazy\" decoding=\"async\" width=\"1024\" height=\"683\" src=\"https:\/\/ostsee-waldbaden.com\/wp-content\/uploads\/2024\/06\/su39-1024x683.jpg\" alt=\"\" class=\"wp-image-26\" srcset=\"https:\/\/ostsee-waldbaden.com\/wp-content\/uploads\/2024\/06\/su39-1024x683.jpg 1024w, https:\/\/ostsee-waldbaden.com\/wp-content\/uploads\/2024\/06\/su39-300x200.jpg 300w, https:\/\/ostsee-waldbaden.com\/wp-content\/uploads\/2024\/06\/su39-768x512.jpg 768w, https:\/\/ostsee-waldbaden.com\/wp-content\/uploads\/2024\/06\/su39-1536x1024.jpg 1536w, https:\/\/ostsee-waldbaden.com\/wp-content\/uploads\/2024\/06\/su39-2048x1365.jpg 2048w\" sizes=\"auto, (max-width: 1024px) 100vw, 1024px\" \/><figcaption class=\"wp-element-caption\"><strong>Hinweis:<\/strong> Die Veranstaltung findet bei jedem Wetter statt (ausgenommen Starkregen, Gewitter <br>und Windst\u00e4rke \u00fcber 60 km\/h)<\/figcaption><\/figure>\n\n\n\n<p class=\"has-text-align-center\"><strong>Teilnahmegeb\u00fchr ab 30,00 \u20ac\/Person<\/strong><\/p>\n\n\n\n<p>Gruppengr\u00f6\u00dfe 2 &#8211; 8 Personen. Auf Nachfrage auch <strong>Einzelbuchung<\/strong> m\u00f6glich.<\/p>\n\n\n\n<p><strong>Jetzt neu im Angebot: 2 \u00dcbernachtungen im Ferienappartment f\u00fcr zwei Personen mit einem exklusiven Waldbad im Gespensterwald von Nienhagen<\/strong>. <strong>Anfragen und n\u00e4here Informationen gerne unter 0155-60056917<\/strong> <\/p>\n\n\n\n<p><strong>Individueller Termin gew\u00fcnscht? Kontaktiere mich gerne Tel. 0155-60056917<\/strong><\/p>\n<\/div><\/div>\n\n\n<style>.kadence-column240_aafd0a-36 > .kt-inside-inner-col,.kadence-column240_aafd0a-36 > .kt-inside-inner-col:before{border-top-left-radius:0px;border-top-right-radius:0px;border-bottom-right-radius:0px;border-bottom-left-radius:0px;}.kadence-column240_aafd0a-36 > .kt-inside-inner-col{column-gap:var(--global-kb-gap-sm, 1rem);}.kadence-column240_aafd0a-36 > .kt-inside-inner-col{flex-direction:column;}.kadence-column240_aafd0a-36 > .kt-inside-inner-col > .aligncenter{width:100%;}.kadence-column240_aafd0a-36 > .kt-inside-inner-col:before{opacity:0.3;}.kadence-column240_aafd0a-36{position:relative;}@media all and (max-width: 1024px){.kadence-column240_aafd0a-36 > .kt-inside-inner-col{flex-direction:column;justify-content:center;}}@media all and (max-width: 767px){.kadence-column240_aafd0a-36 > .kt-inside-inner-col{flex-direction:column;justify-content:center;}}<\/style>\n<div class=\"wp-block-kadence-column kadence-column240_aafd0a-36\"><div class=\"kt-inside-inner-col\">\n<p class=\"has-text-align-left has-theme-palette-7-background-color has-background\" style=\"line-height:1\"><strong>Waldbaden im Ostseebad Nienhagen<\/strong> (Gespensterwald)<\/p>\n\n\n\n<div class=\"wp-block-group\"><div class=\"wp-block-group__inner-container is-layout-constrained wp-block-group-is-layout-constrained\">\n<p class=\"has-theme-palette-7-background-color has-background\">Mittwoch, 29.04.2016 von 16:00 &#8211; 19:00 Uhr<\/p>\n\n\n\n<p class=\"has-theme-palette-7-background-color has-background\">Weitere Termine auf Anfrage<\/p>\n\n\n\n<p class=\"has-theme-palette-7-background-color has-background\"><strong>Waldbaden in K\u00fchlungsborn:<\/strong><\/p>\n\n\n\n<p class=\"has-theme-palette-7-background-color has-background\">Dienstag, 21.04.2026 von 10:00 &#8211; 12:30 Uhr<\/p>\n\n\n\n<p class=\"has-theme-palette-7-background-color has-background\">Weitere Termine auf Anfrage<\/p>\n\n\n\n<p class=\"has-theme-palette-7-background-color has-background\"><strong>Waldbaden in Bad Doberan<\/strong>:<\/p>\n\n\n\n<p class=\"has-theme-palette-7-background-color has-background\">Dienstag, 05.05.20126 von 9:30 &#8211; 12:00 Uhr <\/p>\n\n\n\n<p class=\"has-theme-palette-7-background-color has-background\">Weitere Termine auf Anfrage<\/p>\n\n\n\n<p class=\"has-theme-palette-7-background-color has-background\"><strong>Waldbaden in Heiligendamm <\/strong><\/p>\n\n\n\n<p class=\"has-theme-palette-7-background-color has-background\">Termine auf Anfrage<\/p>\n\n\n\n<p class=\"has-theme-palette-7-background-color has-background\"><\/p>\n\n\n\n<p><\/p>\n<\/div><\/div>\n<\/div><\/div>\n\n<\/div><\/div>\n\n<style>.wp-block-kadence-advancedbtn.kb-btns240_9739d6-58{gap:var(--global-kb-gap-xs, 0.5rem );justify-content:center;align-items:center;}.kt-btns240_9739d6-58 .kt-button{font-weight:normal;font-style:normal;}.kt-btns240_9739d6-58 .kt-btn-wrap-0{margin-right:5px;}.wp-block-kadence-advancedbtn.kt-btns240_9739d6-58 .kt-btn-wrap-0 .kt-button{color:#555555;border-color:#555555;}.wp-block-kadence-advancedbtn.kt-btns240_9739d6-58 .kt-btn-wrap-0 .kt-button:hover, .wp-block-kadence-advancedbtn.kt-btns240_9739d6-58 .kt-btn-wrap-0 .kt-button:focus{color:#ffffff;border-color:#444444;}.wp-block-kadence-advancedbtn.kt-btns240_9739d6-58 .kt-btn-wrap-0 .kt-button::before{display:none;}.wp-block-kadence-advancedbtn.kt-btns240_9739d6-58 .kt-btn-wrap-0 .kt-button:hover, .wp-block-kadence-advancedbtn.kt-btns240_9739d6-58 .kt-btn-wrap-0 .kt-button:focus{background:#444444;}<\/style>\n<div class=\"wp-block-kadence-advancedbtn kb-buttons-wrap kb-btns240_9739d6-58\"><style>ul.menu .wp-block-kadence-advancedbtn .kb-btn240_eceb8a-a0.kb-button{width:initial;}.wp-block-kadence-advancedbtn .kb-btn240_eceb8a-a0.kb-button{background:#21bd95;}.wp-block-kadence-advancedbtn .kb-btn240_eceb8a-a0.kb-button:not(.specificity):not(.extra-specificity){text-decoration:underline;}.kb-btn240_eceb8a-a0.kb-button .kb-svg-icon-wrap{color:#66905d;}.kb-btn240_eceb8a-a0.kb-button:hover .kb-svg-icon-wrap, .kb-btn240_eceb8a-a0.kb-button:focus .kb-svg-icon-wrap{color:#5f9758;}<\/style><a class=\"kb-button kt-button button kb-btn240_eceb8a-a0 kt-btn-size-standard kt-btn-width-type-auto kb-btn-global-fill  kt-btn-has-text-true kt-btn-has-svg-false  wp-block-kadence-singlebtn\" href=\"https:\/\/ostsee-waldbaden.com\/home\/home\/anmeldung\/\/\"><span class=\"kt-btn-inner-text\">hier gehts zur Anmeldung<\/span><\/a><\/div>\n<\/div>\n\n\n<style>.wp-block-kadence-advancedheading.kt-adv-heading240_50783d-b7, .wp-block-kadence-advancedheading.kt-adv-heading240_50783d-b7[data-kb-block=\"kb-adv-heading240_50783d-b7\"]{text-align:left;font-size:var(--global-kb-font-size-md, 1.25rem);font-style:normal;}.wp-block-kadence-advancedheading.kt-adv-heading240_50783d-b7 mark.kt-highlight, .wp-block-kadence-advancedheading.kt-adv-heading240_50783d-b7[data-kb-block=\"kb-adv-heading240_50783d-b7\"] mark.kt-highlight{font-style:normal;color:#f76a0c;-webkit-box-decoration-break:clone;box-decoration-break:clone;padding-top:0px;padding-right:0px;padding-bottom:0px;padding-left:0px;}.wp-block-kadence-advancedheading.kt-adv-heading240_50783d-b7 img.kb-inline-image, .wp-block-kadence-advancedheading.kt-adv-heading240_50783d-b7[data-kb-block=\"kb-adv-heading240_50783d-b7\"] img.kb-inline-image{width:150px;vertical-align:baseline;}<\/style>\n<h2 class=\"kt-adv-heading240_50783d-b7 wp-block-kadence-advancedheading\" data-kb-block=\"kb-adv-heading240_50783d-b7\"><strong>Keinen passenden Termin gefunden?<\/strong><\/h2>\n\n\n\n<p>Kein Problem &#8211; Individuelle Termine gerne auf Anfrage \u00fcber mein Kontaktformular<\/p>\n\n\n<style>.wp-block-kadence-advancedbtn.kb-btns240_f3ebfa-f5{gap:var(--global-kb-gap-xs, 0.5rem );justify-content:flex-start;align-items:center;}.kt-btns240_f3ebfa-f5 .kt-button{font-weight:normal;font-style:normal;}.kt-btns240_f3ebfa-f5 .kt-btn-wrap-0{margin-right:5px;}.wp-block-kadence-advancedbtn.kt-btns240_f3ebfa-f5 .kt-btn-wrap-0 .kt-button{color:#555555;border-color:#555555;}.wp-block-kadence-advancedbtn.kt-btns240_f3ebfa-f5 .kt-btn-wrap-0 .kt-button:hover, .wp-block-kadence-advancedbtn.kt-btns240_f3ebfa-f5 .kt-btn-wrap-0 .kt-button:focus{color:#ffffff;border-color:#444444;}.wp-block-kadence-advancedbtn.kt-btns240_f3ebfa-f5 .kt-btn-wrap-0 .kt-button::before{display:none;}.wp-block-kadence-advancedbtn.kt-btns240_f3ebfa-f5 .kt-btn-wrap-0 .kt-button:hover, .wp-block-kadence-advancedbtn.kt-btns240_f3ebfa-f5 .kt-btn-wrap-0 .kt-button:focus{background:#444444;}<\/style>\n<div class=\"wp-block-kadence-advancedbtn kb-buttons-wrap kb-btns240_f3ebfa-f5\"><style>ul.menu .wp-block-kadence-advancedbtn .kb-btn240_d86a5e-60.kb-button{width:initial;}.wp-block-kadence-advancedbtn .kb-btn240_d86a5e-60.kb-button{background:#17aeb9;}.wp-block-kadence-advancedbtn .kb-btn240_d86a5e-60.kb-button:not(.specificity):not(.extra-specificity){text-decoration:underline;}<\/style><a class=\"kb-button kt-button button kb-btn240_d86a5e-60 kt-btn-size-standard kt-btn-width-type-auto kb-btn-global-fill  kt-btn-has-text-true kt-btn-has-svg-false  wp-block-kadence-singlebtn\" href=\"https:\/\/ostsee-waldbaden.com\/home\/home\/contact\/\/\"><span class=\"kt-btn-inner-text\">Kontaktformular<\/span><\/a><\/div>\n","protected":false},"excerpt":{"rendered":"<p>Meine Angebote: 2025 Teilnahmegeb\u00fchr ab 30,00 \u20ac\/Person Gruppengr\u00f6\u00dfe 2 &#8211; 8 Personen. Auf Nachfrage auch Einzelbuchung m\u00f6glich. Jetzt neu im Angebot: 2 \u00dcbernachtungen im Ferienappartment f\u00fcr zwei Personen mit einem&#8230;<\/p>\n","protected":false},"author":1,"featured_media":0,"parent":87,"menu_order":0,"comment_status":"closed","ping_status":"closed","template":"","meta":{"_kadence_starter_templates_imported_post":false,"_kad_post_transparent":"","_kad_post_title":"default","_kad_post_layout":"right","_kad_post_sidebar_id":"","_kad_post_content_style":"","_kad_post_vertical_padding":"","_kad_post_feature":"","_kad_post_feature_position":"","_kad_post_header":false,"_kad_post_footer":false,"_kad_post_classname":"","footnotes":""},"class_list":["post-240","page","type-page","status-publish","hentry"],"_links":{"self":[{"href":"https:\/\/ostsee-waldbaden.com\/home\/wp-json\/wp\/v2\/pages\/240","targetHints":{"allow":["GET"]}}],"collection":[{"href":"https:\/\/ostsee-waldbaden.com\/home\/wp-json\/wp\/v2\/pages"}],"about":[{"href":"https:\/\/ostsee-waldbaden.com\/home\/wp-json\/wp\/v2\/types\/page"}],"author":[{"embeddable":true,"href":"https:\/\/ostsee-waldbaden.com\/home\/wp-json\/wp\/v2\/users\/1"}],"replies":[{"embeddable":true,"href":"https:\/\/ostsee-waldbaden.com\/home\/wp-json\/wp\/v2\/comments?post=240"}],"version-history":[{"count":93,"href":"https:\/\/ostsee-waldbaden.com\/home\/wp-json\/wp\/v2\/pages\/240\/revisions"}],"predecessor-version":[{"id":702,"href":"https:\/\/ostsee-waldbaden.com\/home\/wp-json\/wp\/v2\/pages\/240\/revisions\/702"}],"up":[{"embeddable":true,"href":"https:\/\/ostsee-waldbaden.com\/home\/wp-json\/wp\/v2\/pages\/87"}],"wp:attachment":[{"href":"https:\/\/ostsee-waldbaden.com\/home\/wp-json\/wp\/v2\/media?parent=240"}],"curies":[{"name":"wp","href":"https:\/\/api.w.org\/{rel}","templated":true}]}}